{"id":31,"date":"2025-12-15T08:57:10","date_gmt":"2025-12-15T08:57:10","guid":{"rendered":"https:\/\/vistaalmarcorozal.com\/?page_id=31"},"modified":"2026-02-24T13:54:28","modified_gmt":"2026-02-24T13:54:28","slug":"reservas","status":"publish","type":"page","link":"https:\/\/vistaalmarcorozal.com\/en\/reservas\/","title":{"rendered":"Bookings"},"content":{"rendered":"\t\t<div data-elementor-type=\"wp-page\" data-elementor-id=\"31\" class=\"elementor elementor-31\">\n\t\t\t\t<section class=\"elementor-element elementor-element-1f715ea e-flex e-con-boxed e-con e-parent\" data-id=\"1f715ea\" data-element_type=\"container\" data-e-type=\"container\" data-settings=\"{&quot;background_background&quot;:&quot;classic&quot;}\">\n\t\t\t\t\t<div class=\"e-con-inner\">\n\t\t<div class=\"elementor-element elementor-element-a46b529 e-con-full e-flex e-con e-child\" data-id=\"a46b529\" data-element_type=\"container\" data-e-type=\"container\" data-settings=\"{&quot;background_background&quot;:&quot;classic&quot;}\">\n\t\t<div class=\"elementor-element elementor-element-bbc16ca e-con-full e-flex e-con e-child\" data-id=\"bbc16ca\" data-element_type=\"container\" data-e-type=\"container\" data-settings=\"{&quot;background_background&quot;:&quot;slideshow&quot;,&quot;background_slideshow_gallery&quot;:[{&quot;id&quot;:725,&quot;url&quot;:&quot;https:\\\/\\\/vistaalmarcorozal.com\\\/wp-content\\\/uploads\\\/2025\\\/12\\\/DSC00001-scaled.jpg&quot;},{&quot;id&quot;:723,&quot;url&quot;:&quot;https:\\\/\\\/vistaalmarcorozal.com\\\/wp-content\\\/uploads\\\/2025\\\/12\\\/DSC09938-scaled.jpg&quot;},{&quot;id&quot;:724,&quot;url&quot;:&quot;https:\\\/\\\/vistaalmarcorozal.com\\\/wp-content\\\/uploads\\\/2025\\\/12\\\/DSC09972-scaled.jpg&quot;},{&quot;id&quot;:715,&quot;url&quot;:&quot;https:\\\/\\\/vistaalmarcorozal.com\\\/wp-content\\\/uploads\\\/2025\\\/12\\\/DSC00333322-scaled.jpg&quot;},{&quot;id&quot;:710,&quot;url&quot;:&quot;https:\\\/\\\/vistaalmarcorozal.com\\\/wp-content\\\/uploads\\\/2025\\\/12\\\/DSC09940-scaled.jpg&quot;},{&quot;id&quot;:708,&quot;url&quot;:&quot;https:\\\/\\\/vistaalmarcorozal.com\\\/wp-content\\\/uploads\\\/2025\\\/12\\\/DSC00007-scaled.jpg&quot;},{&quot;id&quot;:716,&quot;url&quot;:&quot;https:\\\/\\\/vistaalmarcorozal.com\\\/wp-content\\\/uploads\\\/2025\\\/12\\\/DSC00164-scaled.jpg&quot;}],&quot;background_slideshow_lazyload&quot;:&quot;yes&quot;,&quot;background_slideshow_ken_burns&quot;:&quot;yes&quot;,&quot;background_slideshow_ken_burns_zoom_direction&quot;:&quot;out&quot;,&quot;background_slideshow_loop&quot;:&quot;yes&quot;,&quot;background_slideshow_slide_duration&quot;:5000,&quot;background_slideshow_slide_transition&quot;:&quot;fade&quot;,&quot;background_slideshow_transition_duration&quot;:500}\">\n\t\t\t\t<\/div>\n\t\t<div class=\"elementor-element elementor-element-44c60b3 e-con-full e-flex e-con e-child\" data-id=\"44c60b3\" data-element_type=\"container\" data-e-type=\"container\">\n\t\t\t\t<div class=\"elementor-element elementor-element-7a698ab elementor-widget elementor-widget-heading\" data-id=\"7a698ab\" data-element_type=\"widget\" data-e-type=\"widget\" data-widget_type=\"heading.default\">\n\t\t\t\t\t<h1 class=\"elementor-heading-title elementor-size-default\">Formulario de Solicitud de Reservas de Mesas<\/h1>\t\t\t\t<\/div>\n\t\t\t\t<div class=\"elementor-element elementor-element-c3befcb elementor-widget elementor-widget-jet-form-builder-form\" data-id=\"c3befcb\" data-element_type=\"widget\" data-e-type=\"widget\" data-widget_type=\"jet-form-builder-form.default\">\n\t\t\t\t<div class=\"elementor-widget-container\">\n\t\t\t\t\t<link rel='stylesheet' id='wp-block-library-css' href='https:\/\/vistaalmarcorozal.com\/wp-includes\/css\/dist\/block-library\/style.min.css' media='all' \/>\n<style id=\"jet-form-builder-1569-inline-css\"><\/style><form  class=\"jet-form-builder layout-column submit-type-ajax\" action=\"https:\/\/vistaalmarcorozal.com\/en\/wp-json\/wp\/v2\/pages\/31\/?087GGL=tR93Z2a98f8a&amp;method=reload\" method=\"POST\" data-form-id=\"1569\" data-layout=\"column\" enctype=\"multipart\/form-data\" novalidate=\"null\" ssr_validation_method=\"rest\"><input type=\"hidden\" id=\"_wpnonce\" name=\"_wpnonce\" value=\"1a7c96c3f5\" \/><input type=\"hidden\" name=\"_wp_http_referer\" value=\"\/en\/wp-json\/wp\/v2\/pages\/31\" \/>\r\n<input type=\"hidden\" name=\"_jfb_current_render_states[]\" value=\"DEFAULT.STATE\" data-jfb-sync \/><input type=\"hidden\" class=\"jet-form-builder__field hidden-field\" name=\"_jet_engine_booking_form_id\" data-field-name=\"_jet_engine_booking_form_id\" value=\"1569\">\n<input type=\"hidden\" class=\"jet-form-builder__field hidden-field\" name=\"_jet_engine_refer\" data-field-name=\"_jet_engine_refer\" value=\"https:\/\/vistaalmarcorozal.com\/en\/wp-json\/wp\/v2\/pages\/31\/\">\n<input type=\"hidden\" class=\"jet-form-builder__field hidden-field\" name=\"__queried_post_id\" data-field-name=\"__queried_post_id\" value=\"31\">\n<div  class=\"jet-form-builder-row field-type-date-field\" >\n<div class=\"jet-form-builder__label\">\r\n<div class=\"jet-form-builder__label-text\">Fecha de Reserva <span class=\"jet-form-builder__required\">*<\/span><\/div><\/div><input class=\"jet-form-builder__field date-field\" required=\"required\" name=\"date\" type=\"date\" data-field-name=\"date\" id=\"date\" data-jfb-sync=\"null\" data-min=\"&#039;%CT::CurrentDate|toDate%&#039;\"><div class=\"jet-form-builder__desc\"><small>* Solo abrimos viernes a domingo. Reservar los d\u00edas de apertura<\/small><\/div>\n<\/div>\n\n<div  class=\"jet-form-builder-row field-type-select-field wp-block-jet-forms-select-field\">\n<div class=\"jet-form-builder__label\">\r\n<div class=\"jet-form-builder__label-text\">Hora de Reserva <span class=\"jet-form-builder__required\">*<\/span><\/div><\/div><div class=\"jet-form-builder__field-wrap\">\n\t<select class=\"jet-form-builder__field select-field\" required=\"required\" name=\"time\" data-field-name=\"time\" id=\"time\" data-jfb-sync=\"null\">\n\t\t<option value=\"\" disabled selected>-- Seleccione la Hora --<\/option><option value=\"11am\" >11:00 AM<\/option><option value=\"12pm\" >12:00 PM<\/option><option value=\"1pm\" >1:00 PM<\/option><option value=\"2pm\" >2:00 PM<\/option><option value=\"3pm\" >3:00 PM<\/option><option value=\"4pm\" >4:00 PM<\/option><option value=\"5pm\" >5:00 PM<\/option><option value=\"6pm\" >6:00 PM<\/option><option value=\"7pm\" >7:00 PM<\/option><option value=\"8pm\" >8:00 PM<\/option><option value=\"9pm\" >9:00 PM<\/option><option value=\"10pm\" >10:00 PM<\/option>\t<\/select>\n<\/div>\n<\/div>\n\n<div  class=\"jet-form-builder-row field-type-choices-field\" >\n<div class=\"jet-form-builder__label\">\r\n<div class=\"jet-form-builder__label-text\">Seleccione el tipo de mesa <span class=\"jet-form-builder__required\">*<\/span><\/div><\/div><ul style=\"margin-top:0px;margin-right:0px;margin-bottom:0px;margin-left:0px; --jfb-choice-text:#1e4289;--jfb-choice-bg:#ffffff;--jfb-choice-hover-text:#ffffff;--jfb-choice-hover-bg:#1e4289;--jfb-choice-checked-text:#ffffff;--jfb-choice-checked-bg:#1e4289;\" class=\"jet-form-builder-choice wp-block-jet-forms-choices-field has-hover-color-text has-hover-color-background is-vertical is-content-justification-stretch is-layout-flex wp-container-jet-forms-choices-field-is-layout-64795c1e wp-block-jet-forms-choices-field-is-layout-flex\" data-jfb-sync=\"1\" role=\"radiogroup\" aria-required=\"true\">\n<li class=\"jet-form-builder-choice--item wp-block-jet-forms-choice has-background has-f-0-f-4-f-9-background-color is-horizontal is-content-justification-left is-layout-flex wp-container-jet-forms-choice-is-layout-036cb0ab wp-block-jet-forms-choice-is-layout-flex\" aria-checked=\"false\" role=\"radio\" tabindex=\"0\">\n\n<span style=\"--jfb-choice-control-width:24px;\" class=\"jet-form-builder-choice--item-control  wp-block-jet-forms-choice-control \"><input type=\"radio\" name=\"booktable\" id=\"booktable\" value=\"Mesa Peque\u00f1a\" data-calculate=\"40\" required=\"1\" class=\"jet-form-builder-choice--item-control-input\"\/><\/span>\n\n\n\n<div class=\"wp-block-group is-nowrap is-layout-flex wp-container-core-group-is-layout-6c531013 wp-block-group-is-layout-flex\">\n<figure class=\"wp-block-image size-full is-resized is-style-default\"><img decoding=\"async\" width=\"100\" height=\"100\" src=\"https:\/\/vistaalmarcorozal.com\/wp-content\/uploads\/2025\/12\/booktable1.svg\" alt=\"\" class=\"wp-image-1747\"\/><\/figure>\n\n\n\n<p class=\"has-text-align-left\" style=\"font-size:12px;line-height:1.3\"><strong>Mesa pequena de 2 a 4 personas - Dep\u00f3sito $40<\/strong><\/p>\n<\/div>\n\n<\/li>\n\n<li class=\"jet-form-builder-choice--item wp-block-jet-forms-choice has-background has-f-0-f-4-f-9-background-color is-horizontal is-content-justification-left is-layout-flex wp-container-jet-forms-choice-is-layout-036cb0ab wp-block-jet-forms-choice-is-layout-flex\" aria-checked=\"false\" role=\"radio\" tabindex=\"0\">\n\n<span style=\"--jfb-choice-control-width:24px;\" class=\"jet-form-builder-choice--item-control  wp-block-jet-forms-choice-control \"><input type=\"radio\" name=\"booktable\" id=\"booktable_1\" value=\"Mesa Grande\" data-calculate=\"80\" required=\"1\" class=\"jet-form-builder-choice--item-control-input\"\/><\/span>\n\n\n\n<div class=\"wp-block-group is-nowrap is-layout-flex wp-container-core-group-is-layout-6c531013 wp-block-group-is-layout-flex\">\n<figure class=\"wp-block-image size-full is-resized is-style-default\"><img decoding=\"async\" width=\"100\" height=\"100\" src=\"https:\/\/vistaalmarcorozal.com\/wp-content\/uploads\/2025\/12\/booktable1.svg\" alt=\"\" class=\"wp-image-1747\"\/><\/figure>\n\n\n\n<p class=\"has-text-align-left\" style=\"font-size:12px;line-height:1.3\"><strong><strong>Mesa grande hasta 12 personas - Dep\u00f3sito $80<\/strong><\/strong><\/p>\n<\/div>\n\n<\/li>\n<\/ul>\n<\/div>\n\n<div  class=\"jet-form-builder-row field-type-text-field\" >\n<div class=\"jet-form-builder__label\">\r\n<div class=\"jet-form-builder__label-text\">\u00bfCu\u00e1ntas personas asistir\u00e1n? <span class=\"jet-form-builder__required\">*<\/span><\/div><\/div><div class=\"jet-form-builder__field-wrap\">\n\t\t\t\t<input required=\"required\" name=\"cant_persons\" id=\"cant_persons\" type=\"text\" data-field-name=\"cant_persons\" class=\"jet-form-builder__field text-field\" data-jfb-sync=\"null\" autocomplete=\"off_kxMVubpL\">\n\t\t\t\t\t<\/div><div class=\"jet-form-builder__desc\"><small>Esto nos ayuda a prepararte mejor tu mesa.<\/small><\/div>\n<\/div>\n\n\n<div data-formula=\"%booktable%\" data-name=\"calcprice\" data-precision=\"2\" data-sep-decimal=\".\" data-value-type=\"number\" data-date-format=\"YYYY-MM-DD\" class=\"jet-form-builder__calculated-field jet-form-builder__calculated-field--hidden\">\n\t\t\t<input type=\"hidden\"\n\t\t\tname=\"calcprice\"\n\t\t\tid=\"calcprice\"\n\t\t\tvalue=\"\"\n\t\t\tclass=\"jet-form-builder__calculated-field-input jet-form-builder__field\"\n\t\t\tdata-field-name=\"calcprice\"\n\t\t\tdata-jfb-sync\n\t\/>\n\t<div class=\"jet-form-builder__calculated-field-val\">0.00<\/div>\n\t\t<\/div>\n\n\n\n<div  class=\"jet-form-builder-row field-type-text-field\" >\n<div class=\"jet-form-builder__label\">\r\n<div class=\"jet-form-builder__label-text\">Tel\u00e9fono <span class=\"jet-form-builder__required\">*<\/span><\/div><\/div><div class=\"jet-form-builder__field-wrap\">\n\t\t\t\t<input required=\"required\" name=\"tel\" id=\"tel\" type=\"tel\" data-field-name=\"tel\" class=\"jet-form-builder__field text-field call-icon jet-form-builder__masked-field\" data-jfb-sync=\"null\" autocomplete=\"on\" data-inputmask=\"&#039;mask&#039;: &#039;+1 (999) 999-9999&#039;\" data-inputmask-placeholder=\"-\" data-inputmask-showmaskonhover=\"true\" data-inputmask-showmaskonfocus=\"true\">\n\t\t\t\t\t<\/div>\n<\/div>\n\n<div  data-validation-type=\"advanced\" data-validation-rules=\"[{&quot;__visible&quot;:true,&quot;type&quot;:&quot;regexp&quot;,&quot;value&quot;:&quot;^[^\\\\s@]+@[^\\\\s@]+\\\\.[^\\\\s@]{2,}$&quot;,&quot;message&quot;:&quot;Introduzca un correo electr\u00f3nico v\u00e1lido. Ejemplo: tuemail@dominio.com&quot;}]\" data-validation-messages=\"{&quot;email&quot;:&quot;Introduzca una direcci\u00f3n de correo electr\u00f3nico v\u00e1lida.&quot;,&quot;empty&quot;:&quot;Por favor, rellene este campo.&quot;}\" class=\"jet-form-builder-row field-type-text-field\" >\n<div class=\"jet-form-builder__label\">\r\n<div class=\"jet-form-builder__label-text\">Email<\/div><\/div><div class=\"jet-form-builder__field-wrap\">\n\t\t\t\t<input name=\"email\" id=\"email\" type=\"email\" data-field-name=\"email\" class=\"jet-form-builder__field text-field\" data-jfb-sync=\"null\" autocomplete=\"on\">\n\t\t\t\t\t<\/div>\n<\/div>\n\n<div  class=\"jet-form-builder-row field-type-textarea-field\" >\n<div class=\"jet-form-builder__label\">\r\n<div class=\"jet-form-builder__label-text\">Comentarios<\/div><\/div><div class=\"jet-form-builder__field-wrap\">\n\t\t<textarea class=\"jet-form-builder__field textarea-field\" placeholder=\"Alergias, celebraci\u00f3n, silla de beb\u00e9, preferencia de \u00e1rea, etc...\" name=\"notes\" data-field-name=\"notes\" id=\"notes\" data-jfb-sync=\"null\"><\/textarea>\n\t<\/div>\n<\/div>\n\n<div  class=\"jet-form-builder-row field-type-checkbox-field\" >\n<div class=\"jet-form-builder__fields-group checkradio-wrap\" data-jfb-sync><div class=\"jet-form-builder__field-wrap checkboxes-wrap checkradio-wrap\"><label class=\"jet-form-builder__field-label for-checkbox\">\n\t\t\t<input type=\"checkbox\" name=\"policies\" value=\"acepto\" data-field-name=\"policies\"  class=\"jet-form-builder__field checkboxes-field checkradio-field\" required=\"required\"><span>Acepta la pol\u00edtica de reservas: En caso de no poder asistir los dep\u00f3sitos son NO reembolsables. La reserva queda confirmada una vez recibido el pago.<\/span><\/label><\/div><\/div>\n<\/div>\n\n<div  class=\"jet-form-builder-row field-type-heading-field\" >\n<div class=\"jet-form-builder__heading\">\r\n<div class=\"jet-form-builder__label-text\">Aviso: No est\u00e1 permitido introducir alimentos ni bebidas externas (bizcochos, neveras, bebidas, etc.). Las celebraciones deben coordinarse previamente; traer un bizcocho externo tiene un cargo de $15 USD. Asimismo, no aceptamos American Express como m\u00e9todo de pago.<\/div><\/div>\n<\/div>\n\n<div  class=\"jet-form-builder-row field-type-submit-field\" >\n\t<div data-type=\"submit\" class=\"jet-form-builder__action-button-wrapper jet-form-builder__submit-wrap\">\n\t<button class=\"jet-form-builder__action-button jet-form-builder__submit submit-type-ajax\" type=\"submit\">Realizar pago de reserva<\/button>\n\t<\/div>\n\t\n<\/div>\t<div class=\"jet-form-builder-messages-wrap\" data-form-id=\"1569\"><\/div>\n<\/form>\n\t\t\t\t<\/div>\n\t\t\t\t<\/div>\n\t\t\t\t<\/div>\n\t\t\t\t<\/div>\n\t\t\t\t\t<\/div>\n\t\t\t\t<\/section>\n\t\t\t\t<\/div>\n\t\t","protected":false},"excerpt":{"rendered":"<p>Formulario de Solicitud de Reservas de Mesas Fecha de Reserva ** Solo abrimos Viernes a Domingo. Reservar los d\u00edas de apertura Hora de Reserva * &#8212; Seleccione la Hora &#8212;11:00 AM12:00 PM1:00 PM2:00 PM3:00 PM4:00 PM5:00 PM6:00 PM7:00 PM8:00 PM9:00 PM10:00 PM Elija el tipo de mesa * Mesa pequena de 2 a 4 personas [&hellip;]<\/p>\n","protected":false},"author":1,"featured_media":0,"parent":0,"menu_order":3,"comment_status":"closed","ping_status":"closed","template":"elementor_header_footer","meta":{"footnotes":""},"class_list":["post-31","page","type-page","status-publish","hentry"],"_links":{"self":[{"href":"https:\/\/vistaalmarcorozal.com\/en\/wp-json\/wp\/v2\/pages\/31","targetHints":{"allow":["GET"]}}],"collection":[{"href":"https:\/\/vistaalmarcorozal.com\/en\/wp-json\/wp\/v2\/pages"}],"about":[{"href":"https:\/\/vistaalmarcorozal.com\/en\/wp-json\/wp\/v2\/types\/page"}],"author":[{"embeddable":true,"href":"https:\/\/vistaalmarcorozal.com\/en\/wp-json\/wp\/v2\/users\/1"}],"replies":[{"embeddable":true,"href":"https:\/\/vistaalmarcorozal.com\/en\/wp-json\/wp\/v2\/comments?post=31"}],"version-history":[{"count":10,"href":"https:\/\/vistaalmarcorozal.com\/en\/wp-json\/wp\/v2\/pages\/31\/revisions"}],"predecessor-version":[{"id":1979,"href":"https:\/\/vistaalmarcorozal.com\/en\/wp-json\/wp\/v2\/pages\/31\/revisions\/1979"}],"wp:attachment":[{"href":"https:\/\/vistaalmarcorozal.com\/en\/wp-json\/wp\/v2\/media?parent=31"}],"curies":[{"name":"wp","href":"https:\/\/api.w.org\/{rel}","templated":true}]}}